{"id":137,"date":"2024-12-16T21:02:36","date_gmt":"2024-12-16T21:02:36","guid":{"rendered":"https:\/\/mistressaidoakida.com\/?page_id=137"},"modified":"2025-09-29T21:00:49","modified_gmt":"2025-09-29T21:00:49","slug":"process","status":"publish","type":"page","link":"https:\/\/mistressaidoakida.com\/de\/process\/","title":{"rendered":"PROZESS"},"content":{"rendered":"<div class=\"wpb-content-wrapper\"><div data-parent=\"true\" class=\"vc_row row-container\" id=\"row-unique-0\"><div class=\"row limit-width row-parent\"><div class=\"wpb_row row-inner\"><div class=\"wpb_column pos-top pos-center align_left column_parent col-lg-12 single-internal-gutter\"><div class=\"uncol style-dark\"  ><div class=\"uncoltable\"><div class=\"uncell no-block-padding\" ><div class=\"uncont\" ><div class=\"uncode-single-media  text-left\"><div class=\"single-wrapper\" style=\"max-width: 100%;\"><div class=\"tmb tmb-light  tmb-media-first tmb-media-last tmb-content-overlay tmb-no-bg\"><div class=\"t-inside\"><div class=\"t-entry-visual\"><div class=\"t-entry-visual-tc\"><div class=\"uncode-single-media-wrapper\"><img decoding=\"async\" class=\"wp-image-482\" src=\"https:\/\/mistressaidoakida.com\/wp-content\/uploads\/2025\/09\/DSF4878.jpg\" width=\"2200\" height=\"1467\" alt=\"Dominatrix in Berlin wearing a white shirt with black latex boots and stocking, captured in a studio setting\" srcset=\"https:\/\/mistressaidoakida.com\/wp-content\/uploads\/2025\/09\/DSF4878.jpg 2200w, https:\/\/mistressaidoakida.com\/wp-content\/uploads\/2025\/09\/DSF4878-300x200.jpg 300w, https:\/\/mistressaidoakida.com\/wp-content\/uploads\/2025\/09\/DSF4878-1024x683.jpg 1024w, https:\/\/mistressaidoakida.com\/wp-content\/uploads\/2025\/09\/DSF4878-768x512.jpg 768w, https:\/\/mistressaidoakida.com\/wp-content\/uploads\/2025\/09\/DSF4878-1536x1024.jpg 1536w, https:\/\/mistressaidoakida.com\/wp-content\/uploads\/2025\/09\/DSF4878-2048x1366.jpg 2048w, https:\/\/mistressaidoakida.com\/wp-content\/uploads\/2025\/09\/DSF4878-18x12.jpg 18w, https:\/\/mistressaidoakida.com\/wp-content\/uploads\/2025\/09\/DSF4878-350x233.jpg 350w\" sizes=\"(max-width: 2200px) 100vw, 2200px\" \/><\/div>\n\t\t\t\t\t<\/div>\n\t\t\t\t<\/div><\/div><\/div><\/div><\/div><\/div><\/div><\/div><\/div><\/div><script id=\"script-row-unique-0\" data-row=\"script-row-unique-0\" type=\"text\/javascript\" class=\"vc_controls\">UNCODE.initRow(document.getElementById(\"row-unique-0\"));<\/script><\/div><\/div><\/div><div data-parent=\"true\" class=\"vc_row row-container\" id=\"row-unique-1\"><div class=\"row limit-width row-parent\"><div class=\"wpb_row row-inner\"><div class=\"wpb_column pos-top pos-center align_left column_parent col-lg-12 single-internal-gutter\"><div class=\"uncol style-dark\"  ><div class=\"uncoltable\"><div class=\"uncell no-block-padding\" ><div class=\"uncont\" ><div class=\"uncode_text_column\" ><\/p>\n<h1>PROZESS<\/h1>\n<div style=\"text-align: justify;\">\n<p>Ich lege gro\u00dfen Wert darauf, dass der Prozess f\u00fcr uns beide reibungslos, sicher und einfach abl\u00e4uft. Ich biete ein sorgf\u00e4ltig ausgearbeitetes, exklusives Erlebnis. Um sicherzustellen, dass wir uns einig sind, befolgen Sie bitte diese Schritte:<\/p>\n<h4>Erster Kontakt &amp; Verf\u00fcgbarkeit<\/h4>\n<p>Wenn Sie unsicher sind, was Ihre Rolle oder Ihre W\u00fcnsche angeht, k\u00f6nnen Sie das gerne erw\u00e4hnen - das ist kein Problem, und wir k\u00f6nnen sie gemeinsam erkunden. Auch wenn Sie wenig oder gar keine Erfahrung haben, ist das kein Problem. Wenn Sie Fragen haben, k\u00f6nnen Sie diese gerne stellen.<\/p>\n<p>Ich antworte normalerweise innerhalb von 48 Stunden. Bitte beachten Sie, dass ich keine Anfragen am selben Tag annehme. Termine m\u00fcssen mindestens drei Tage im Voraus vereinbart werden, vorzugsweise eine Woche oder l\u00e4nger. Ich bin am Wochenende verf\u00fcgbar, und f\u00fcr Sitzungen unter der Woche bevorzuge ich die sp\u00e4teren Abendstunden bis Mitternacht. Ausnahmen sind m\u00f6glich bei Anfragen, die mehr als eine Woche im Voraus eingereicht werden, und bei Sitzungen, die l\u00e4nger als zwei Stunden dauern, was ich im Allgemeinen bevorzuge.<\/p>\n<h4>Kompatibilit\u00e4t &amp; Best\u00e4tigung<\/h4>\n<p>Wenn wir \u00fcbereinstimmen, sende ich Ihnen weitere Anweisungen, einschlie\u00dflich meiner Richtlinien und Zahlungsdetails. Sobald Ihre Zahlung eingegangen ist, vereinbaren wir ein obligatorisches, kostenloses Telefon- oder Videogespr\u00e4ch, um sicherzustellen, dass wir beide f\u00fcr die Sitzung geeignet sind, und um die Details zu besprechen. Diese Anrufe dauern in der Regel etwa 10 Minuten und sind kostenlos.<\/p>\n<p>Bitte beachten Sie, dass die Anzahlung ein Zeichen der Verpflichtung ist, und das Telefonat erm\u00f6glicht es uns, die gegenseitige Kompatibilit\u00e4t zu best\u00e4tigen. Wenn ich nach dem Gespr\u00e4ch das Gef\u00fchl habe, dass wir nicht zueinander passen, werde ich Ihre Anzahlung umgehend zur\u00fcckgeben und die Sitzung wird nicht stattfinden.<\/p>\n<h4>Sitzung &amp; Nachsorge<\/h4>\n<p>Der Respekt vor meinen Grenzen, dem Raum und dem Ablauf der Sitzung ist unerl\u00e4sslich. Die Nachbetreuung wird auf Ihre Bed\u00fcrfnisse zugeschnitten und am Ende der Sitzung angeboten.<\/p>\n<p>Bevor Sie uns kontaktieren, stellen Sie bitte Folgendes sicher:<\/p>\n<ul>\n<li aria-level=\"1\">\n<h5><strong>Sie sind \u00fcber 18 Jahre alt.<\/strong><\/h5>\n<\/li>\n<li aria-level=\"1\">\n<h5><strong>Es werden unter keinen Umst\u00e4nden illegale Handlungen vorgenommen.<\/strong><\/h5>\n<\/li>\n<li aria-level=\"1\">\n<h5><strong>Sie erkennen an, dass es immer ein gewisses Risiko gibt.<\/strong><\/h5>\n<\/li>\n<li aria-level=\"1\">\n<h5><strong>Sie werden w\u00e4hrend der Sitzung nicht betrunken sein oder unter Drogeneinfluss stehen.<\/strong><\/h5>\n<\/li>\n<li aria-level=\"1\">\n<h5><strong>Deine Aufgabe ist es, dich mir zu unterwerfen und mich zu unterhalten. Ich erf\u00fclle vielleicht nicht alle deine W\u00fcnsche - du dienst mir, nicht andersherum.<\/strong><\/h5>\n<\/li>\n<li aria-level=\"1\">\n<h5><strong>Sie erkl\u00e4ren sich damit einverstanden, dass kein Geschlechtsverkehr stattfinden wird; sollten Sie dies erw\u00e4hnen, werde ich die Sitzung sofort und ohne R\u00fcckerstattung beenden.<\/strong><\/h5>\n<\/li>\n<li aria-level=\"1\">\n<h5><strong>Wenn Sie mich ber\u00fchren, unter Druck setzen, bel\u00e4stigen oder Forderungen stellen, beende ich die Sitzung sofort und ohne R\u00fcckerstattung.<\/strong><\/h5>\n<\/li>\n<li aria-level=\"1\">\n<h5><strong>Die Nachsorge besteht in der Regel aus einem entspannten Gespr\u00e4ch und kann einen Besuch in einem Restaurant, Caf\u00e9 oder einen Spaziergang beinhalten. Intimer Kontakt, wie z. B. Kuscheln oder K\u00fcssen, ist nicht vorgesehen. Wenn Sie es erw\u00e4hnen, beende ich die Sitzung sofort und ohne R\u00fcckerstattung.<\/strong><\/h5>\n<\/li>\n<\/ul>\n<\/div>\n<p>\n<\/div><div class=\"empty-space empty-single\" ><span class=\"empty-space-inner\"><\/span><\/div>\n<span class=\"btn-container btn-block\" ><a role=\"button\"  href=\"https:\/\/mistressaidoakida.com\/de\/apply\/\" class=\"custom-link btn border-width-0 btn-default btn-flat btn-block btn-icon-left\">Anmeldung f\u00fcr eine Sitzung<\/a><\/span><div class=\"empty-space empty-single\" ><span class=\"empty-space-inner\"><\/span><\/div>\n<\/div><\/div><\/div><\/div><\/div><script id=\"script-row-unique-1\" data-row=\"script-row-unique-1\" type=\"text\/javascript\" class=\"vc_controls\">UNCODE.initRow(document.getElementById(\"row-unique-1\"));<\/script><\/div><\/div><\/div>\n<\/div>","protected":false},"excerpt":{"rendered":"PROCESS I place great emphasis on making the process smooth, safe, and easy for both of us. I offer a [...]","protected":false},"author":3,"featured_media":0,"parent":0,"menu_order":0,"comment_status":"closed","ping_status":"closed","template":"","meta":{"_monsterinsights_skip_tracking":false,"_monsterinsights_sitenote_active":false,"_monsterinsights_sitenote_note":"","_monsterinsights_sitenote_category":0,"footnotes":""},"class_list":["post-137","page","type-page","status-publish","hentry"],"yoast_head":"<!-- This site is optimized with the Yoast SEO plugin v27.1.1 - https:\/\/yoast.com\/product\/yoast-seo-wordpress\/ -->\n<title>PROCESS - Mistress Aido Akida<\/title>\n<meta name=\"robots\" content=\"index, follow, max-snippet:-1, max-image-preview:large, max-video-preview:-1\" \/>\n<link rel=\"canonical\" href=\"https:\/\/mistressaidoakida.com\/de\/process\/\" \/>\n<meta property=\"og:locale\" content=\"de_DE\" \/>\n<meta property=\"og:type\" content=\"article\" \/>\n<meta property=\"og:title\" content=\"PROCESS - Mistress Aido Akida\" \/>\n<meta property=\"og:url\" content=\"https:\/\/mistressaidoakida.com\/de\/process\/\" \/>\n<meta property=\"og:site_name\" content=\"Mistress Aido Akida\" \/>\n<meta property=\"article:modified_time\" content=\"2025-09-29T21:00:49+00:00\" \/>\n<meta name=\"twitter:card\" content=\"summary_large_image\" \/>\n<meta name=\"twitter:label1\" content=\"Gesch\u00e4tzte Lesezeit\" \/>\n\t<meta name=\"twitter:data1\" content=\"2\u00a0Minuten\" \/>\n<script type=\"application\/ld+json\" class=\"yoast-schema-graph\">{\"@context\":\"https:\/\/schema.org\",\"@graph\":[{\"@type\":\"WebPage\",\"@id\":\"https:\/\/mistressaidoakida.com\/process\/\",\"url\":\"https:\/\/mistressaidoakida.com\/process\/\",\"name\":\"PROCESS - Mistress Aido Akida\",\"isPartOf\":{\"@id\":\"http:\/\/mistressaidoakida.com\/en\/#website\"},\"datePublished\":\"2024-12-16T21:02:36+00:00\",\"dateModified\":\"2025-09-29T21:00:49+00:00\",\"breadcrumb\":{\"@id\":\"https:\/\/mistressaidoakida.com\/process\/#breadcrumb\"},\"inLanguage\":\"de\",\"potentialAction\":[{\"@type\":\"ReadAction\",\"target\":[\"https:\/\/mistressaidoakida.com\/process\/\"]}]},{\"@type\":\"BreadcrumbList\",\"@id\":\"https:\/\/mistressaidoakida.com\/process\/#breadcrumb\",\"itemListElement\":[{\"@type\":\"ListItem\",\"position\":1,\"name\":\"Home\",\"item\":\"https:\/\/mistressaidoakida.com\/\"},{\"@type\":\"ListItem\",\"position\":2,\"name\":\"PROCESS\"}]},{\"@type\":\"WebSite\",\"@id\":\"http:\/\/mistressaidoakida.com\/en\/#website\",\"url\":\"http:\/\/mistressaidoakida.com\/en\/\",\"name\":\"Mistress Aid\u014d Akida\",\"description\":\"\",\"publisher\":{\"@id\":\"http:\/\/mistressaidoakida.com\/en\/#\/schema\/person\/c02d9faa14ebaffaee87494303b7f8be\"},\"potentialAction\":[{\"@type\":\"SearchAction\",\"target\":{\"@type\":\"EntryPoint\",\"urlTemplate\":\"http:\/\/mistressaidoakida.com\/en\/?s={search_term_string}\"},\"query-input\":{\"@type\":\"PropertyValueSpecification\",\"valueRequired\":true,\"valueName\":\"search_term_string\"}}],\"inLanguage\":\"de\"},{\"@type\":[\"Person\",\"Organization\"],\"@id\":\"http:\/\/mistressaidoakida.com\/en\/#\/schema\/person\/c02d9faa14ebaffaee87494303b7f8be\",\"name\":\"Aido Akida\",\"image\":{\"@type\":\"ImageObject\",\"inLanguage\":\"de\",\"@id\":\"http:\/\/mistressaidoakida.com\/en\/#\/schema\/person\/image\/\",\"url\":\"https:\/\/mistressaidoakida.com\/wp-content\/uploads\/2025\/01\/AidoAkidaIMAGE2.png\",\"contentUrl\":\"https:\/\/mistressaidoakida.com\/wp-content\/uploads\/2025\/01\/AidoAkidaIMAGE2.png\",\"width\":479,\"height\":111,\"caption\":\"Aido Akida\"},\"logo\":{\"@id\":\"http:\/\/mistressaidoakida.com\/en\/#\/schema\/person\/image\/\"}}]}<\/script>\n<!-- \/ Yoast SEO plugin. -->","yoast_head_json":{"title":"PROCESS - Mistress Aido Akida","robots":{"index":"index","follow":"follow","max-snippet":"max-snippet:-1","max-image-preview":"max-image-preview:large","max-video-preview":"max-video-preview:-1"},"canonical":"https:\/\/mistressaidoakida.com\/de\/process\/","og_locale":"de_DE","og_type":"article","og_title":"PROCESS - Mistress Aido Akida","og_url":"https:\/\/mistressaidoakida.com\/de\/process\/","og_site_name":"Mistress Aido Akida","article_modified_time":"2025-09-29T21:00:49+00:00","twitter_card":"summary_large_image","twitter_misc":{"Gesch\u00e4tzte Lesezeit":"2\u00a0Minuten"},"schema":{"@context":"https:\/\/schema.org","@graph":[{"@type":"WebPage","@id":"https:\/\/mistressaidoakida.com\/process\/","url":"https:\/\/mistressaidoakida.com\/process\/","name":"PROCESS - Mistress Aido Akida","isPartOf":{"@id":"http:\/\/mistressaidoakida.com\/en\/#website"},"datePublished":"2024-12-16T21:02:36+00:00","dateModified":"2025-09-29T21:00:49+00:00","breadcrumb":{"@id":"https:\/\/mistressaidoakida.com\/process\/#breadcrumb"},"inLanguage":"de","potentialAction":[{"@type":"ReadAction","target":["https:\/\/mistressaidoakida.com\/process\/"]}]},{"@type":"BreadcrumbList","@id":"https:\/\/mistressaidoakida.com\/process\/#breadcrumb","itemListElement":[{"@type":"ListItem","position":1,"name":"Home","item":"https:\/\/mistressaidoakida.com\/"},{"@type":"ListItem","position":2,"name":"PROCESS"}]},{"@type":"WebSite","@id":"http:\/\/mistressaidoakida.com\/en\/#website","url":"http:\/\/mistressaidoakida.com\/en\/","name":"Mistress Aid\u014d Akida","description":"","publisher":{"@id":"http:\/\/mistressaidoakida.com\/en\/#\/schema\/person\/c02d9faa14ebaffaee87494303b7f8be"},"potentialAction":[{"@type":"SearchAction","target":{"@type":"EntryPoint","urlTemplate":"http:\/\/mistressaidoakida.com\/en\/?s={search_term_string}"},"query-input":{"@type":"PropertyValueSpecification","valueRequired":true,"valueName":"search_term_string"}}],"inLanguage":"de"},{"@type":["Person","Organization"],"@id":"http:\/\/mistressaidoakida.com\/en\/#\/schema\/person\/c02d9faa14ebaffaee87494303b7f8be","name":"Aido Akida","image":{"@type":"ImageObject","inLanguage":"de","@id":"http:\/\/mistressaidoakida.com\/en\/#\/schema\/person\/image\/","url":"https:\/\/mistressaidoakida.com\/wp-content\/uploads\/2025\/01\/AidoAkidaIMAGE2.png","contentUrl":"https:\/\/mistressaidoakida.com\/wp-content\/uploads\/2025\/01\/AidoAkidaIMAGE2.png","width":479,"height":111,"caption":"Aido Akida"},"logo":{"@id":"http:\/\/mistressaidoakida.com\/en\/#\/schema\/person\/image\/"}}]}},"_links":{"self":[{"href":"https:\/\/mistressaidoakida.com\/de\/wp-json\/wp\/v2\/pages\/137","targetHints":{"allow":["GET"]}}],"collection":[{"href":"https:\/\/mistressaidoakida.com\/de\/wp-json\/wp\/v2\/pages"}],"about":[{"href":"https:\/\/mistressaidoakida.com\/de\/wp-json\/wp\/v2\/types\/page"}],"author":[{"embeddable":true,"href":"https:\/\/mistressaidoakida.com\/de\/wp-json\/wp\/v2\/users\/3"}],"replies":[{"embeddable":true,"href":"https:\/\/mistressaidoakida.com\/de\/wp-json\/wp\/v2\/comments?post=137"}],"version-history":[{"count":22,"href":"https:\/\/mistressaidoakida.com\/de\/wp-json\/wp\/v2\/pages\/137\/revisions"}],"predecessor-version":[{"id":148,"href":"https:\/\/mistressaidoakida.com\/de\/wp-json\/wp\/v2\/pages\/137\/revisions\/148"}],"wp:attachment":[{"href":"https:\/\/mistressaidoakida.com\/de\/wp-json\/wp\/v2\/media?parent=137"}],"curies":[{"name":"wp","href":"https:\/\/api.w.org\/{rel}","templated":true}]}}