{"id":20,"date":"2024-12-05T13:39:14","date_gmt":"2024-12-05T13:39:14","guid":{"rendered":"https:\/\/mistressaidoakida.com\/?page_id=20"},"modified":"2025-09-29T21:32:29","modified_gmt":"2025-09-29T21:32:29","slug":"welcome","status":"publish","type":"page","link":"https:\/\/mistressaidoakida.com\/de\/","title":{"rendered":"WILLKOMMEN"},"content":{"rendered":"<div class=\"wpb-content-wrapper\"><div data-parent=\"true\" class=\"vc_row row-container\" id=\"row-unique-0\"><div class=\"row no-top-padding no-bottom-padding no-h-padding limit-width row-parent\"><div class=\"wpb_row row-inner\"><div class=\"wpb_column pos-top pos-center align_left column_parent col-lg-12 single-internal-gutter\"><div class=\"uncol style-dark\"  ><div class=\"uncoltable\"><div class=\"uncell no-block-padding\" ><div class=\"uncont\" ><div class=\"uncode-single-media desktop-hidden tablet-hidden text-left\"><div class=\"single-wrapper\" style=\"max-width: 100%;\"><div class=\"tmb tmb-light  tmb-media-first tmb-media-last tmb-content-overlay tmb-no-bg\"><div class=\"t-inside\"><div class=\"t-entry-visual\"><div class=\"t-entry-visual-tc\"><div class=\"uncode-single-media-wrapper\"><img decoding=\"async\" class=\"wp-image-483\" src=\"https:\/\/mistressaidoakida.com\/wp-content\/uploads\/2025\/09\/DSF49271.jpg\" width=\"2200\" height=\"1467\" alt=\"Mistress Aido Akida, femdom, in Berlin stands in a minimal, dark space wearing a sleek black silk dress. Soft overhead light bathes her face, casting subtle shadows. One hand rests on her waist as she gazes upward with quiet authority.\" srcset=\"https:\/\/mistressaidoakida.com\/wp-content\/uploads\/2025\/09\/DSF49271.jpg 2200w, https:\/\/mistressaidoakida.com\/wp-content\/uploads\/2025\/09\/DSF49271-300x200.jpg 300w, https:\/\/mistressaidoakida.com\/wp-content\/uploads\/2025\/09\/DSF49271-1024x683.jpg 1024w, https:\/\/mistressaidoakida.com\/wp-content\/uploads\/2025\/09\/DSF49271-768x512.jpg 768w, https:\/\/mistressaidoakida.com\/wp-content\/uploads\/2025\/09\/DSF49271-1536x1024.jpg 1536w, https:\/\/mistressaidoakida.com\/wp-content\/uploads\/2025\/09\/DSF49271-2048x1366.jpg 2048w, https:\/\/mistressaidoakida.com\/wp-content\/uploads\/2025\/09\/DSF49271-18x12.jpg 18w, https:\/\/mistressaidoakida.com\/wp-content\/uploads\/2025\/09\/DSF49271-350x233.jpg 350w\" sizes=\"(max-width: 2200px) 100vw, 2200px\" \/><\/div>\n\t\t\t\t\t<\/div>\n\t\t\t\t<\/div><\/div><\/div><\/div><\/div><\/div><\/div><\/div><\/div><\/div><script id=\"script-row-unique-0\" data-row=\"script-row-unique-0\" type=\"text\/javascript\" class=\"vc_controls\">UNCODE.initRow(document.getElementById(\"row-unique-0\"));<\/script><\/div><\/div><\/div><div data-parent=\"true\" class=\"vc_row row-container mobile-hidden\" id=\"row-unique-1\"><div class=\"row limit-width row-parent\"><div class=\"wpb_row row-inner\"><div class=\"wpb_column pos-top pos-center align_left column_parent col-lg-12 single-internal-gutter\"><div class=\"uncol style-dark\"  ><div class=\"uncoltable\"><div class=\"uncell no-block-padding\" ><div class=\"uncont\" ><div class=\"empty-space empty-double\" ><span class=\"empty-space-inner\"><\/span><\/div>\n<\/div><\/div><\/div><\/div><\/div><script id=\"script-row-unique-1\" data-row=\"script-row-unique-1\" type=\"text\/javascript\" class=\"vc_controls\">UNCODE.initRow(document.getElementById(\"row-unique-1\"));<\/script><\/div><\/div><\/div><div data-parent=\"true\" class=\"vc_row row-container\" id=\"row-unique-2\"><div class=\"row limit-width row-parent\"><div class=\"wpb_row row-inner\"><div class=\"wpb_column pos-top pos-center align_left column_parent col-lg-12 single-internal-gutter\"><div class=\"uncol style-dark\"  ><div class=\"uncoltable\"><div class=\"uncell  vc_custom_1759181543854 double-block-padding unshadow-xs unradius-hg\" style=\"padding-top: 2rem ;padding-right: 2rem ;padding-bottom: 2rem ;padding-left: 2rem ;\" ><div class=\"column-background background-element\" style=\"opacity: 1;\">\n\t\t\t\t\t\t\t\t\t\t\t<div class=\"background-wrapper\">\n\t\t\t\t\t\t\t\t\t\t\t\t<div class=\"background-inner\"><\/div>\n\t\t\t\t\t\t\t\t\t\t\t\t<div class=\"block-bg-overlay style-color-jevc-bg\" style=\"opacity: 0.5;\"><\/div>\n\t\t\t\t\t\t\t\t\t\t\t<\/div>\n\t\t\t\t\t\t\t\t\t\t<\/div><div class=\"uncont\" ><div class=\"uncode_text_column vc_custom_1755646341213\"  style=\"padding-top: 2rem ;padding-bottom: 2rem ;padding-left: 2rem ;\" id=\"main-section-bg\"><\/p>\n<h1>WILLKOMMEN<\/h1>\n<h4>Berlin-based Dominatrix<br \/>\n<em>Im Dreck wird man sie finden<\/em><\/h4>\n<p>In meinen H\u00e4nden sind Sie nichts weiter als Rohmaterial - Lehm, der geformt werden muss, ein Gegenstand, der untersucht werden muss. Ihre Reaktionen auf mich werden getestet, Ihre Grenzen abgebaut, Ihr Wesen neu geformt. Ihre Abwehrkr\u00e4fte zu brechen und Sie zu etwas Wertvollem umzugestalten ist ein Prozess, den ich sehr sch\u00e4tze.<\/p>\n<p>Exemplare wie du werden unter das Mikroskop gelegt und so umgestaltet, dass sie meinen Bed\u00fcrfnissen und verzerrten W\u00fcnschen entsprechen. Ich werde dir beibringen, wie du dich elegant verh\u00e4ltst, zielgerichtet dienst und vor allem verletzlich und weit offen bleibst - bereit, alles, was der Moment zu bieten hat, mit Anmut und Demut anzunehmen.<\/p>\n<p>Du sollst dich mir nur n\u00e4hern, wenn du verstehst, dass Gehorsam und Offenheit der Preis f\u00fcr deine Existenz in meiner Welt sind. Wenn ihr das nicht einhaltet, werde ich spurlos aus eurem Blickfeld verschwinden und nur die Leere meiner Abwesenheit zur\u00fccklassen.<\/p>\n<\/div><\/div><\/div><\/div><\/div><\/div><script id=\"script-row-unique-2\" data-row=\"script-row-unique-2\" type=\"text\/javascript\" class=\"vc_controls\">UNCODE.initRow(document.getElementById(\"row-unique-2\"));<\/script><\/div><\/div><\/div><div data-parent=\"true\" class=\"vc_row row-container\" id=\"row-unique-3\"><div class=\"row limit-width row-parent\"><div class=\"wpb_row row-inner\"><div class=\"wpb_column pos-top pos-center align_left column_parent col-lg-12 single-internal-gutter\"><div class=\"uncol style-dark\"  ><div class=\"uncoltable\"><div class=\"uncell no-block-padding\" ><div class=\"uncont\" ><div class=\"empty-space empty-quad\" ><span class=\"empty-space-inner\"><\/span><\/div>\n<\/div><\/div><\/div><\/div><\/div><script id=\"script-row-unique-3\" data-row=\"script-row-unique-3\" type=\"text\/javascript\" class=\"vc_controls\">UNCODE.initRow(document.getElementById(\"row-unique-3\"));<\/script><\/div><\/div><\/div>\n<\/div>","protected":false},"excerpt":{"rendered":"WELCOME Berlin-based Dominatrix In filth it will be found In my hands, you are nothing more than raw material \u2014 [...]","protected":false},"author":3,"featured_media":0,"parent":0,"menu_order":0,"comment_status":"closed","ping_status":"closed","template":"","meta":{"_monsterinsights_skip_tracking":false,"_monsterinsights_sitenote_active":false,"_monsterinsights_sitenote_note":"","_monsterinsights_sitenote_category":0,"footnotes":""},"class_list":["post-20","page","type-page","status-publish","hentry"],"yoast_head":"<!-- This site is optimized with the Yoast SEO plugin v27.1.1 - https:\/\/yoast.com\/product\/yoast-seo-wordpress\/ -->\n<title>WELCOME - Mistress Aido Akida<\/title>\n<meta name=\"robots\" content=\"index, follow, max-snippet:-1, max-image-preview:large, max-video-preview:-1\" \/>\n<link rel=\"canonical\" href=\"https:\/\/mistressaidoakida.com\/de\/\" \/>\n<meta property=\"og:locale\" content=\"de_DE\" \/>\n<meta property=\"og:type\" content=\"article\" \/>\n<meta property=\"og:title\" content=\"WELCOME - Mistress Aido Akida\" \/>\n<meta property=\"og:url\" content=\"https:\/\/mistressaidoakida.com\/de\/\" \/>\n<meta property=\"og:site_name\" content=\"Mistress Aido Akida\" \/>\n<meta property=\"article:modified_time\" content=\"2025-09-29T21:32:29+00:00\" \/>\n<meta name=\"twitter:card\" content=\"summary_large_image\" \/>\n<meta name=\"twitter:label1\" content=\"Gesch\u00e4tzte Lesezeit\" \/>\n\t<meta name=\"twitter:data1\" content=\"1\u00a0Minute\" \/>\n<script type=\"application\/ld+json\" class=\"yoast-schema-graph\">{\"@context\":\"https:\/\/schema.org\",\"@graph\":[{\"@type\":\"WebPage\",\"@id\":\"https:\/\/mistressaidoakida.com\/\",\"url\":\"https:\/\/mistressaidoakida.com\/\",\"name\":\"WELCOME - Mistress Aido Akida\",\"isPartOf\":{\"@id\":\"http:\/\/mistressaidoakida.com\/en\/#website\"},\"datePublished\":\"2024-12-05T13:39:14+00:00\",\"dateModified\":\"2025-09-29T21:32:29+00:00\",\"breadcrumb\":{\"@id\":\"https:\/\/mistressaidoakida.com\/#breadcrumb\"},\"inLanguage\":\"de\",\"potentialAction\":[{\"@type\":\"ReadAction\",\"target\":[\"https:\/\/mistressaidoakida.com\/\"]}]},{\"@type\":\"BreadcrumbList\",\"@id\":\"https:\/\/mistressaidoakida.com\/#breadcrumb\",\"itemListElement\":[{\"@type\":\"ListItem\",\"position\":1,\"name\":\"Home\",\"item\":\"https:\/\/mistressaidoakida.com\/\"},{\"@type\":\"ListItem\",\"position\":2,\"name\":\"WELCOME\"}]},{\"@type\":\"WebSite\",\"@id\":\"http:\/\/mistressaidoakida.com\/en\/#website\",\"url\":\"http:\/\/mistressaidoakida.com\/en\/\",\"name\":\"Mistress Aid\u014d Akida\",\"description\":\"\",\"publisher\":{\"@id\":\"http:\/\/mistressaidoakida.com\/en\/#\/schema\/person\/c02d9faa14ebaffaee87494303b7f8be\"},\"potentialAction\":[{\"@type\":\"SearchAction\",\"target\":{\"@type\":\"EntryPoint\",\"urlTemplate\":\"http:\/\/mistressaidoakida.com\/en\/?s={search_term_string}\"},\"query-input\":{\"@type\":\"PropertyValueSpecification\",\"valueRequired\":true,\"valueName\":\"search_term_string\"}}],\"inLanguage\":\"de\"},{\"@type\":[\"Person\",\"Organization\"],\"@id\":\"http:\/\/mistressaidoakida.com\/en\/#\/schema\/person\/c02d9faa14ebaffaee87494303b7f8be\",\"name\":\"Aido Akida\",\"image\":{\"@type\":\"ImageObject\",\"inLanguage\":\"de\",\"@id\":\"http:\/\/mistressaidoakida.com\/en\/#\/schema\/person\/image\/\",\"url\":\"https:\/\/mistressaidoakida.com\/wp-content\/uploads\/2025\/01\/AidoAkidaIMAGE2.png\",\"contentUrl\":\"https:\/\/mistressaidoakida.com\/wp-content\/uploads\/2025\/01\/AidoAkidaIMAGE2.png\",\"width\":479,\"height\":111,\"caption\":\"Aido Akida\"},\"logo\":{\"@id\":\"http:\/\/mistressaidoakida.com\/en\/#\/schema\/person\/image\/\"}}]}<\/script>\n<!-- \/ Yoast SEO plugin. -->","yoast_head_json":{"title":"WELCOME - Mistress Aido Akida","robots":{"index":"index","follow":"follow","max-snippet":"max-snippet:-1","max-image-preview":"max-image-preview:large","max-video-preview":"max-video-preview:-1"},"canonical":"https:\/\/mistressaidoakida.com\/de\/","og_locale":"de_DE","og_type":"article","og_title":"WELCOME - Mistress Aido Akida","og_url":"https:\/\/mistressaidoakida.com\/de\/","og_site_name":"Mistress Aido Akida","article_modified_time":"2025-09-29T21:32:29+00:00","twitter_card":"summary_large_image","twitter_misc":{"Gesch\u00e4tzte Lesezeit":"1\u00a0Minute"},"schema":{"@context":"https:\/\/schema.org","@graph":[{"@type":"WebPage","@id":"https:\/\/mistressaidoakida.com\/","url":"https:\/\/mistressaidoakida.com\/","name":"WELCOME - Mistress Aido Akida","isPartOf":{"@id":"http:\/\/mistressaidoakida.com\/en\/#website"},"datePublished":"2024-12-05T13:39:14+00:00","dateModified":"2025-09-29T21:32:29+00:00","breadcrumb":{"@id":"https:\/\/mistressaidoakida.com\/#breadcrumb"},"inLanguage":"de","potentialAction":[{"@type":"ReadAction","target":["https:\/\/mistressaidoakida.com\/"]}]},{"@type":"BreadcrumbList","@id":"https:\/\/mistressaidoakida.com\/#breadcrumb","itemListElement":[{"@type":"ListItem","position":1,"name":"Home","item":"https:\/\/mistressaidoakida.com\/"},{"@type":"ListItem","position":2,"name":"WELCOME"}]},{"@type":"WebSite","@id":"http:\/\/mistressaidoakida.com\/en\/#website","url":"http:\/\/mistressaidoakida.com\/en\/","name":"Mistress Aid\u014d Akida","description":"","publisher":{"@id":"http:\/\/mistressaidoakida.com\/en\/#\/schema\/person\/c02d9faa14ebaffaee87494303b7f8be"},"potentialAction":[{"@type":"SearchAction","target":{"@type":"EntryPoint","urlTemplate":"http:\/\/mistressaidoakida.com\/en\/?s={search_term_string}"},"query-input":{"@type":"PropertyValueSpecification","valueRequired":true,"valueName":"search_term_string"}}],"inLanguage":"de"},{"@type":["Person","Organization"],"@id":"http:\/\/mistressaidoakida.com\/en\/#\/schema\/person\/c02d9faa14ebaffaee87494303b7f8be","name":"Aido Akida","image":{"@type":"ImageObject","inLanguage":"de","@id":"http:\/\/mistressaidoakida.com\/en\/#\/schema\/person\/image\/","url":"https:\/\/mistressaidoakida.com\/wp-content\/uploads\/2025\/01\/AidoAkidaIMAGE2.png","contentUrl":"https:\/\/mistressaidoakida.com\/wp-content\/uploads\/2025\/01\/AidoAkidaIMAGE2.png","width":479,"height":111,"caption":"Aido Akida"},"logo":{"@id":"http:\/\/mistressaidoakida.com\/en\/#\/schema\/person\/image\/"}}]}},"_links":{"self":[{"href":"https:\/\/mistressaidoakida.com\/de\/wp-json\/wp\/v2\/pages\/20","targetHints":{"allow":["GET"]}}],"collection":[{"href":"https:\/\/mistressaidoakida.com\/de\/wp-json\/wp\/v2\/pages"}],"about":[{"href":"https:\/\/mistressaidoakida.com\/de\/wp-json\/wp\/v2\/types\/page"}],"author":[{"embeddable":true,"href":"https:\/\/mistressaidoakida.com\/de\/wp-json\/wp\/v2\/users\/3"}],"replies":[{"embeddable":true,"href":"https:\/\/mistressaidoakida.com\/de\/wp-json\/wp\/v2\/comments?post=20"}],"version-history":[{"count":50,"href":"https:\/\/mistressaidoakida.com\/de\/wp-json\/wp\/v2\/pages\/20\/revisions"}],"predecessor-version":[{"id":528,"href":"https:\/\/mistressaidoakida.com\/de\/wp-json\/wp\/v2\/pages\/20\/revisions\/528"}],"wp:attachment":[{"href":"https:\/\/mistressaidoakida.com\/de\/wp-json\/wp\/v2\/media?parent=20"}],"curies":[{"name":"wp","href":"https:\/\/api.w.org\/{rel}","templated":true}]}}