{"id":42,"date":"2024-12-05T14:28:46","date_gmt":"2024-12-05T14:28:46","guid":{"rendered":"https:\/\/mistressaidoakida.com\/?page_id=42"},"modified":"2025-09-29T21:02:24","modified_gmt":"2025-09-29T21:02:24","slug":"about","status":"publish","type":"page","link":"https:\/\/mistressaidoakida.com\/de\/about\/","title":{"rendered":"\u00dcBER"},"content":{"rendered":"<div class=\"wpb-content-wrapper\"><div data-parent=\"true\" class=\"vc_row row-container\" id=\"row-unique-0\"><div class=\"row single-top-padding no-bottom-padding single-h-padding limit-width row-parent\"><div class=\"wpb_row row-inner\"><div class=\"wpb_column pos-top pos-center align_left column_parent col-lg-6 single-internal-gutter\"><div class=\"uncol style-dark\"  ><div class=\"uncoltable\"><div class=\"uncell no-block-padding\" ><div class=\"uncont\" ><div class=\"uncode-single-media  text-left\"><div class=\"single-wrapper\" style=\"max-width: 100%;\"><div class=\"tmb tmb-light  tmb-media-first tmb-media-last tmb-content-overlay tmb-no-bg\"><div class=\"t-inside\"><div class=\"t-entry-visual\"><div class=\"t-entry-visual-tc\"><div class=\"uncode-single-media-wrapper\"><img decoding=\"async\" class=\"wp-image-498\" src=\"https:\/\/mistressaidoakida.com\/wp-content\/uploads\/2025\/09\/DSF2215.jpg\" width=\"1024\" height=\"1536\" alt=\"Mistress Aido Akida, Pro Dom, in Berlin, stands in a commanding pose with hands on her waist, wearing a Black latex dress with a red detail on the chest, and stockings, high heels, and a black leather jacket. She reveals skin confidently, posed before a stone monument. The photo is taken from below and bathed in dramatic flash lighting.\" srcset=\"https:\/\/mistressaidoakida.com\/wp-content\/uploads\/2025\/09\/DSF2215.jpg 1024w, https:\/\/mistressaidoakida.com\/wp-content\/uploads\/2025\/09\/DSF2215-200x300.jpg 200w, https:\/\/mistressaidoakida.com\/wp-content\/uploads\/2025\/09\/DSF2215-683x1024.jpg 683w, https:\/\/mistressaidoakida.com\/wp-content\/uploads\/2025\/09\/DSF2215-768x1152.jpg 768w, https:\/\/mistressaidoakida.com\/wp-content\/uploads\/2025\/09\/DSF2215-8x12.jpg 8w, https:\/\/mistressaidoakida.com\/wp-content\/uploads\/2025\/09\/DSF2215-350x525.jpg 350w\" sizes=\"(max-width: 1024px) 100vw, 1024px\" \/><\/div>\n\t\t\t\t\t<\/div>\n\t\t\t\t<\/div><\/div><\/div><\/div><\/div><\/div><\/div><\/div><\/div><\/div><div class=\"wpb_column pos-top pos-center align_left column_parent col-lg-6 single-internal-gutter\"><div class=\"uncol style-dark\"  ><div class=\"uncoltable\"><div class=\"uncell no-block-padding\" ><div class=\"uncont\" ><div class=\"uncode_text_column\" ><\/p>\n<h1>\u00dcBER<\/h1>\n<h4>Hintergrund und Perspektive:<\/h4>\n<div style=\"text-align: justify;\">\n<p>Ich habe einen Hintergrund in Bildender Kunst, mit einem Schwerpunkt auf visueller Kunst. Vor ein paar Jahren bin ich nach Berlin gezogen, auf der Suche nach neuen Umgebungen, mit denen ich mich besch\u00e4ftigen kann. Ich bin st\u00e4ndig neugierig auf die Welt um mich herum und wie sie mich formt.<\/p>\n<p>BDSM ist eines der Medien, die ich in meiner Arbeit verwende. Es dient als Methode zur Erforschung von Kontrolle, Dynamik und Begehren - Werkzeuge, um zu untersuchen, wie Macht und Interaktion die Umgebung und den Moment formen. Es ist einfach ein weiterer Prozess in meinem breiteren Schaffensansatz, nicht getrennt von anderen k\u00fcnstlerischen Ausdrucksformen. Neben BDSM genie\u00dfe ich das Zeichnen, Malen und Fotografieren.<\/p>\n<p>An ruhigen Tagen bin ich oft allein, ich mag lange Spazierg\u00e4nge, Ausdauertraining, Yoga und kleine Rituale - gutes Essen, Kaffee und Tee. Manchmal lese ich Texte \u00fcber Philosophie, Soziologie, Queer-Theorie und Religion. Auch das Reisen reizt mich von Zeit zu Zeit. Meine Absicht ist es, andere zu inspirieren und mich von ihnen inspirieren zu lassen. Das Schaffen, allein oder in Zusammenarbeit, ist eine Erfahrung, die ich sch\u00e4tze. Ob es sich um eine SM-Szene, ein Kunstvideo oder eine Mischung aus beidem handelt, ich genie\u00dfe es, die Ergebnisse mit anderen zu teilen und zu erforschen, denen ich vertraue.<\/p>\n<\/div>\n<p>\n<\/div><div class=\"empty-space empty-half\" ><span class=\"empty-space-inner\"><\/span><\/div>\n<span class=\"btn-container btn-block\" ><a role=\"button\"  href=\"\" class=\"custom-link btn border-width-0 btn-default btn-flat btn-block btn-icon-left\">Anmeldung f\u00fcr eine Sitzung<\/a><\/span><\/div><\/div><\/div><\/div><\/div><script id=\"script-row-unique-0\" data-row=\"script-row-unique-0\" type=\"text\/javascript\" class=\"vc_controls\">UNCODE.initRow(document.getElementById(\"row-unique-0\"));<\/script><\/div><\/div><\/div><div data-parent=\"true\" class=\"vc_row row-container\" id=\"row-unique-1\"><div class=\"row single-top-padding no-bottom-padding single-h-padding limit-width row-parent\"><div class=\"wpb_row row-inner\"><div class=\"wpb_column pos-top pos-center align_left column_parent col-lg-12 single-internal-gutter\"><div class=\"uncol style-dark\"  ><div class=\"uncoltable\"><div class=\"uncell no-block-padding\" ><div class=\"uncont\" ><div class=\"uncode_text_column\" ><\/p>\n<h4>Was BDSM f\u00fcr mich bedeutet:<\/h4>\n<div style=\"text-align: justify;\">\n<p>BDSM ist ein dynamischer Raum, in dem ich das Paradoxon von rohem Instinkt und Grausamkeit, gemildert durch kalkulierte Empathie, navigiere. Das Gleichgewicht zwischen der viszeralen Anziehungskraft des Sadismus und der Struktur von Regeln und Grenzen ist eine seltene und transformative Erfahrung - eine, die mein Bewusstsein sch\u00e4rft und mir eine Perspektive bietet, die sich von allen anderen unterscheidet.Dieses Zusammenspiel von animalischem Trieb und bewusster Kontrolle er\u00f6ffnet mir eine radikal neue Dimension. Es geht nicht nur darum, Tabus zu erforschen oder Begierden zu befriedigen; es geht darum, Freude an der Unberechenbarkeit menschlicher Beziehungen zu entdecken.<\/p>\n<p>Durch BDSM entdecke ich tiefere Wahrheiten \u00fcber Macht, Verletzlichkeit und Vertrauen. Jede Erfahrung erm\u00f6glicht es mir, andere besser zu verstehen, und damit auch mich selbst. Es formt, wer ich bin, und enth\u00fcllt Schichten meines Wesens, die nur wenige andere Praktiken ber\u00fchren. F\u00fcr mich geht es bei dieser Kunst ebenso sehr um Spa\u00df und Erkundung wie um Disziplin und Wachstum - ein Gleichgewicht, das mich immer wieder herausfordert und definiert.<\/p>\n<p>BDSM bietet auch ein strukturiertes Ventil, um komplexe Gef\u00fchle zu verarbeiten und sich von sch\u00e4dlichen Stereotypen zu befreien. In diesem Raum bin ich frei, mich selbst zu sein. Jede Interaktion ist eine Gelegenheit, mein Verst\u00e4ndnis von Grenzen, Verbindung und Kontrolle zu verfeinern. Dieses dynamische Zusammenspiel von Unverf\u00e4lschtheit und Zur\u00fcckhaltung hat einen gro\u00dfen Einfluss darauf, wie ich mit mir selbst, anderen und der Welt um mich herum umgehe.<\/p>\n<h4>Was an BDSM so faszinierend ist:<\/h4>\n<p>Was mich an BDSM am meisten fasziniert, ist seine Unberechenbarkeit - es gibt inh\u00e4rente Risiken, die nie ganz ausgeschlossen werden k\u00f6nnen. Es wird immer eine Diskrepanz zwischen den Erwartungen und dem, was man letztendlich erh\u00e4lt, geben.<\/p>\n<p>Diese allgegenw\u00e4rtige Ungewissheit schafft einen Raum f\u00fcr diejenigen, die mutig und verletzlich genug sind, um sich ihren Schatten zu stellen - ihren Grenzen, der Komplexit\u00e4t ihres Egos und ihren verborgenen W\u00fcnschen. Es dr\u00e4ngt die Teilnehmer dazu, zu erforschen, wie sie die Kluft zwischen ihren Fantasien und der brutalen Realit\u00e4t \u00fcberwinden und umarmen k\u00f6nnen.<\/p>\n<p>Was nach einer intensiven Szene kommt, l\u00e4sst sich nie vollst\u00e4ndig vorhersagen, und es braucht ein starkes Ego, um die Wahrheiten zu akzeptieren und sich ihnen zu stellen, die sowohl aufschlussreich als auch - noch besser - erschreckend sein k\u00f6nnen.<\/p>\n<\/div>\n<p>\n<\/div><\/div><\/div><\/div><\/div><\/div><script id=\"script-row-unique-1\" data-row=\"script-row-unique-1\" type=\"text\/javascript\" class=\"vc_controls\">UNCODE.initRow(document.getElementById(\"row-unique-1\"));<\/script><\/div><\/div><\/div><div data-parent=\"true\" class=\"vc_row row-container\" id=\"row-unique-2\"><div class=\"row single-top-padding no-bottom-padding single-h-padding limit-width row-parent\"><div class=\"wpb_row row-inner\"><div class=\"wpb_column pos-top pos-center align_left column_parent col-lg-6 single-internal-gutter\"><div class=\"uncol style-dark\"  ><div class=\"uncoltable\"><div class=\"uncell no-block-padding\" ><div class=\"uncont\" ><div class=\"uncode_text_column\" ><\/p>\n<div style=\"text-align: justify;\">\n<h4>Was ist mein dominanter Stil:<\/h4>\n<p>Ich bin eine klassische Domina, d.h. ich setze meine Pr\u00e4senz und meinen K\u00f6rper ein, wie es mir gef\u00e4llt. Ich werde Freude daran haben, dich zu \u00fcberw\u00e4ltigen und dir das Gef\u00fchl zu geben, unzul\u00e4nglich und klein zu sein.<\/p>\n<p>Unsere Rollen werden getrennt bleiben, und die Grenzen werden niemals verschwimmen - du bist hier, um mich zu unterhalten, und mich zu ber\u00fchren ist ein Privileg, das f\u00fcr die Ausnahme reserviert ist. Wenn dein Gehorsam und dein Dienst trotz aller Widrigkeiten perfekt w\u00e4ren, w\u00fcrde ich vielleicht ein Flackern verborgenen Verlangens sp\u00fcren. Aber machen wir uns nichts vor - zu solchen H\u00f6hen wirst du nicht aufsteigen. Exzellenz ist so selten wie mein Bed\u00fcrfnis, von einem Unterw\u00fcrfigen ber\u00fchrt zu werden.<\/p>\n<p>Deine Aufgabe ist es, zu gehorchen und zu dienen. Aber sei versichert, dass ich mich sehr um meine Spielzeuge k\u00fcmmere. Ich werde mit dir M\u00f6glichkeiten erforschen und Bed\u00fcrfnisse und Fantasien wecken, die du vielleicht noch nicht zu erkennen gewagt hast. Jede meiner Sitzungen wird mit Absicht und Sorgfalt gestaltet. Ich nehme mir die Zeit, dein Wesen zu beobachten, zu verstehen und zu erforschen, um dir das zu entlocken, was am faszinierendsten und wertvollsten ist. Ich genie\u00dfe es, mit dem Ego zu spielen und die Wahnvorstellungen zu entlarven, an die Sie sich klammern.<\/p>\n<p>Bei der Buchung einer Sitzung mit mir geht es nicht um sofortige Befriedigung - es geht darum, sich dem Unbekannten hinzugeben und mir zu vertrauen, dass ich dich f\u00fchre. Je gehorsamer, erfinderischer und eifriger du bist, desto mehr Freude werde ich daran haben, dich zu formen, dich zu erwecken und dir vielleicht eine Erf\u00fcllung jenseits deiner Vorstellungskraft zu geben.<\/p>\n<\/div>\n<p>\n<\/div><span class=\"btn-container btn-block\" ><a role=\"button\"  href=\"\" class=\"custom-link btn border-width-0 btn-default btn-flat btn-block btn-icon-left\">Anmeldung f\u00fcr eine Sitzung<\/a><\/span><\/div><\/div><\/div><\/div><\/div><div class=\"wpb_column pos-top pos-center align_left column_parent col-lg-6 single-internal-gutter\"><div class=\"uncol style-dark\"  ><div class=\"uncoltable\"><div class=\"uncell no-block-padding\" ><div class=\"uncont\" ><div class=\"empty-space empty-half\" ><span class=\"empty-space-inner\"><\/span><\/div>\n<div class=\"uncode-single-media  text-left\"><div class=\"single-wrapper\" style=\"max-width: 100%;\"><div class=\"tmb tmb-light  tmb-media-first tmb-media-last tmb-content-overlay tmb-no-bg\"><div class=\"t-inside\"><div class=\"t-entry-visual\"><div class=\"t-entry-visual-tc\"><div class=\"uncode-single-media-wrapper\"><img decoding=\"async\" class=\"wp-image-481\" src=\"https:\/\/mistressaidoakida.com\/wp-content\/uploads\/2025\/09\/DSF4876.jpg\" width=\"1467\" height=\"2200\" alt=\"Mistress Aido Akida, pro Dominatrix, based in Berlin, sits confidently on a black leather couch, wearing a crisp white shirt, latex boots, and stockings. One leg is folded over the other, hands open and resting on the couch. Her stare is direct and commanding, exuding controlled power in a stark, composed setting.\" srcset=\"https:\/\/mistressaidoakida.com\/wp-content\/uploads\/2025\/09\/DSF4876.jpg 1467w, https:\/\/mistressaidoakida.com\/wp-content\/uploads\/2025\/09\/DSF4876-200x300.jpg 200w, https:\/\/mistressaidoakida.com\/wp-content\/uploads\/2025\/09\/DSF4876-683x1024.jpg 683w, https:\/\/mistressaidoakida.com\/wp-content\/uploads\/2025\/09\/DSF4876-768x1152.jpg 768w, https:\/\/mistressaidoakida.com\/wp-content\/uploads\/2025\/09\/DSF4876-1024x1536.jpg 1024w, https:\/\/mistressaidoakida.com\/wp-content\/uploads\/2025\/09\/DSF4876-1366x2048.jpg 1366w, https:\/\/mistressaidoakida.com\/wp-content\/uploads\/2025\/09\/DSF4876-8x12.jpg 8w, https:\/\/mistressaidoakida.com\/wp-content\/uploads\/2025\/09\/DSF4876-350x525.jpg 350w\" sizes=\"(max-width: 1467px) 100vw, 1467px\" \/><\/div>\n\t\t\t\t\t<\/div>\n\t\t\t\t<\/div><\/div><\/div><\/div><\/div><\/div><\/div><\/div><\/div><\/div><script id=\"script-row-unique-2\" data-row=\"script-row-unique-2\" type=\"text\/javascript\" class=\"vc_controls\">UNCODE.initRow(document.getElementById(\"row-unique-2\"));<\/script><\/div><\/div><\/div><div data-parent=\"true\" class=\"vc_row row-container\" id=\"row-unique-3\"><div class=\"row one-top-padding single-bottom-padding single-h-padding limit-width row-parent\"><div class=\"wpb_row row-inner\"><div class=\"wpb_column pos-top pos-center align_left column_parent col-lg-12 single-internal-gutter\"><div class=\"uncol style-dark\"  ><div class=\"uncoltable\"><div class=\"uncell no-block-padding\" ><div class=\"uncont\" ><div class=\"uncode_text_column\" ><\/p>\n<div style=\"text-align: justify;\">\n<h4>Was ist mein einzigartiges Angebot:<\/h4>\n<p>Ich habe mehrere Jahre als Kunstp\u00e4dagoge gearbeitet, unter anderem mit neurodiversen Menschen. Diese Erfahrungen haben mein Verst\u00e4ndnis von Kreativit\u00e4t und Ausdruck tief gepr\u00e4gt. Anderen dabei zu helfen, ihr kreatives Potenzial zu entfalten, sie bei der Erforschung neuer Ideen zu unterst\u00fctzen und ihre Erfolge zu feiern, hat mich unglaublich erf\u00fcllt. Es \u00fcberrascht nicht, dass sich viele neurodiverse Menschen von der SM-Gemeinschaft angezogen f\u00fchlen, die oft eine strukturierte, regelbasierte Umgebung mit minimaler Unvorhersehbarkeit bietet - Eigenschaften, die f\u00fcr einen neurodiversen Geist besonders beruhigend sein k\u00f6nnen. Meine Arbeit hat mich Geduld und Einf\u00fchlungsverm\u00f6gen gelehrt und mir gezeigt, wie wichtig es ist, verschiedene Perspektiven zu verstehen, um sinnvolle Hilfestellungen zu geben.<\/p>\n<p>Ich sehe oft Konflikte in der Gemeinschaft, aber mein Ansatz beruht auf gegenseitigem Vertrauen und Verst\u00e4ndnis. Ich bem\u00fche mich, ehrlich zu sein, was meine W\u00fcnsche und Grenzen angeht, und konzentriere mich eher auf Verbindung als auf Wettbewerb. Ich respektiere die Tabus und Grenzen meiner Untergebenen und \u00fcberschreite die Grenzen nur, wenn ich gefragt werde. Ich bewundere zutiefst das Vertrauen, die Verletzlichkeit und die M\u00fche, die Unterw\u00fcrfige und Sklaven aufbringen, um mein Leben einfacher und sch\u00f6ner zu machen. Allerdings m\u00fcssen sie die Herausforderungen meiner Rolle verstehen - sie ist nicht einfach.<\/p>\n<p>Es mag zwar einfach sein, intensive Szenen voller Schrecken zu kreieren, aber beide Parteien m\u00fcssen verstehen, wo ihre Rollen enden, wenn die Szene zu Ende ist. Dieses empfindliche Gleichgewicht ist schwer zu meistern, aber es ist etwas, auf das ich mich konzentriere. Ich lege gro\u00dfen Wert auf die F\u00e4higkeit, den kaltbl\u00fctigen Sadisten abzuschalten und zu meinem sanfteren Ich zur\u00fcckzukehren. In diesem kurzen \u00dcbergang entsteht eine gro\u00dfe Klarheit. Es ist der Moment, in dem ich vom rohen Instinkt zu einem Zustand h\u00f6heren Bewusstseins und Einf\u00fchlungsverm\u00f6gens \u00fcbergehe.<\/p>\n<h4>What are my Boundaries and Desires:<\/h4>\n<p>I am open to a wide range of kinks. For me, it always depends on the submissive, the space, the level of attraction, and the trust we share. I enjoy intricate, lengthy scenes that require intense focus on my submissives for hours. In this space, I find inspiration and the opportunity to connect with my submissives on a much deeper level. On the other hand, the spontaneity of shorter sessions can also be a lot of fun. I believe that discovering the pace of a scene is a collaborative process.<\/p>\n<p>Some of the kinks I adore include pet play, heavy impact play, an*l training, servitude. I also enjoy playing with more than one submissive and collaborating with other Doms. However, I do not offer naked f*cetting, sexual intercourse, including cuddling or kissing, under any circumstances.<\/p>\n<h4>Who I Want to Play With:<\/h4>\n<p>I deeply admire and value the courage and trust it takes to surrender all power to me, and I expect the same qualities in return. My ideal submissives not only appreciate the refined skills and challenges involved in my craft as a Dominatrix but also show genuine respect for it.<\/p>\n<p>While I enjoy engaging with new submissives, each bringing fresh energy and unique challenges, I am especially focused on cultivating long-term relationships with those who prove themselves worthy of my attention. My ideal submissives are empathetic, inspiring, modest, and carry a touch of cheekiness. Stability and sincerity are equally essential to me.<\/p>\n<p>Race, gender, appearance, or years of experience hold little weight when I assess compatibility. What truly matters is modesty, intellect, kindness, self-awareness, and the ability to navigate and manage a complaining ego.<\/p>\n<p>I have zero tolerance for coarseness, demands, unwanted touch, or sexual comments and jokes that are not explicitly invited. When you&#8217;re with me, you must give your absolute best \u2014 be careful, respectful, and maintain impeccable manners. Your speech and behavior will reflect your worth; fail to meet these standards, and I will vanish from your sight faster than you can blink.<\/p>\n<\/div>\n<p>\n<\/div><\/div><\/div><\/div><\/div><\/div><script id=\"script-row-unique-3\" data-row=\"script-row-unique-3\" type=\"text\/javascript\" class=\"vc_controls\">UNCODE.initRow(document.getElementById(\"row-unique-3\"));<\/script><\/div><\/div><\/div>\n<\/div>","protected":false},"excerpt":{"rendered":"ABOUT Background and Perspective: I have a background in Fine Arts, with a focus on visual arts. A few years [...]","protected":false},"author":3,"featured_media":0,"parent":0,"menu_order":0,"comment_status":"closed","ping_status":"closed","template":"","meta":{"_monsterinsights_skip_tracking":false,"_monsterinsights_sitenote_active":false,"_monsterinsights_sitenote_note":"","_monsterinsights_sitenote_category":0,"footnotes":""},"class_list":["post-42","page","type-page","status-publish","hentry"],"yoast_head":"<!-- This site is optimized with the Yoast SEO plugin v27.1.1 - https:\/\/yoast.com\/product\/yoast-seo-wordpress\/ -->\n<title>ABOUT - Mistress Aido Akida<\/title>\n<meta name=\"robots\" content=\"index, follow, max-snippet:-1, max-image-preview:large, max-video-preview:-1\" \/>\n<link rel=\"canonical\" href=\"https:\/\/mistressaidoakida.com\/de\/about\/\" \/>\n<meta property=\"og:locale\" content=\"de_DE\" \/>\n<meta property=\"og:type\" content=\"article\" \/>\n<meta property=\"og:title\" content=\"ABOUT - Mistress Aido Akida\" \/>\n<meta property=\"og:url\" content=\"https:\/\/mistressaidoakida.com\/de\/about\/\" \/>\n<meta property=\"og:site_name\" content=\"Mistress Aido Akida\" \/>\n<meta property=\"article:modified_time\" content=\"2025-09-29T21:02:24+00:00\" \/>\n<meta name=\"twitter:card\" content=\"summary_large_image\" \/>\n<meta name=\"twitter:label1\" content=\"Gesch\u00e4tzte Lesezeit\" \/>\n\t<meta name=\"twitter:data1\" content=\"7\u00a0Minuten\" \/>\n<script type=\"application\/ld+json\" class=\"yoast-schema-graph\">{\"@context\":\"https:\/\/schema.org\",\"@graph\":[{\"@type\":\"WebPage\",\"@id\":\"https:\/\/mistressaidoakida.com\/about\/\",\"url\":\"https:\/\/mistressaidoakida.com\/about\/\",\"name\":\"ABOUT - Mistress Aido Akida\",\"isPartOf\":{\"@id\":\"http:\/\/mistressaidoakida.com\/en\/#website\"},\"datePublished\":\"2024-12-05T14:28:46+00:00\",\"dateModified\":\"2025-09-29T21:02:24+00:00\",\"breadcrumb\":{\"@id\":\"https:\/\/mistressaidoakida.com\/about\/#breadcrumb\"},\"inLanguage\":\"de\",\"potentialAction\":[{\"@type\":\"ReadAction\",\"target\":[\"https:\/\/mistressaidoakida.com\/about\/\"]}]},{\"@type\":\"BreadcrumbList\",\"@id\":\"https:\/\/mistressaidoakida.com\/about\/#breadcrumb\",\"itemListElement\":[{\"@type\":\"ListItem\",\"position\":1,\"name\":\"Home\",\"item\":\"https:\/\/mistressaidoakida.com\/\"},{\"@type\":\"ListItem\",\"position\":2,\"name\":\"ABOUT\"}]},{\"@type\":\"WebSite\",\"@id\":\"http:\/\/mistressaidoakida.com\/en\/#website\",\"url\":\"http:\/\/mistressaidoakida.com\/en\/\",\"name\":\"Mistress Aid\u014d Akida\",\"description\":\"\",\"publisher\":{\"@id\":\"http:\/\/mistressaidoakida.com\/en\/#\/schema\/person\/c02d9faa14ebaffaee87494303b7f8be\"},\"potentialAction\":[{\"@type\":\"SearchAction\",\"target\":{\"@type\":\"EntryPoint\",\"urlTemplate\":\"http:\/\/mistressaidoakida.com\/en\/?s={search_term_string}\"},\"query-input\":{\"@type\":\"PropertyValueSpecification\",\"valueRequired\":true,\"valueName\":\"search_term_string\"}}],\"inLanguage\":\"de\"},{\"@type\":[\"Person\",\"Organization\"],\"@id\":\"http:\/\/mistressaidoakida.com\/en\/#\/schema\/person\/c02d9faa14ebaffaee87494303b7f8be\",\"name\":\"Aido Akida\",\"image\":{\"@type\":\"ImageObject\",\"inLanguage\":\"de\",\"@id\":\"http:\/\/mistressaidoakida.com\/en\/#\/schema\/person\/image\/\",\"url\":\"https:\/\/mistressaidoakida.com\/wp-content\/uploads\/2025\/01\/AidoAkidaIMAGE2.png\",\"contentUrl\":\"https:\/\/mistressaidoakida.com\/wp-content\/uploads\/2025\/01\/AidoAkidaIMAGE2.png\",\"width\":479,\"height\":111,\"caption\":\"Aido Akida\"},\"logo\":{\"@id\":\"http:\/\/mistressaidoakida.com\/en\/#\/schema\/person\/image\/\"}}]}<\/script>\n<!-- \/ Yoast SEO plugin. -->","yoast_head_json":{"title":"ABOUT - Mistress Aido Akida","robots":{"index":"index","follow":"follow","max-snippet":"max-snippet:-1","max-image-preview":"max-image-preview:large","max-video-preview":"max-video-preview:-1"},"canonical":"https:\/\/mistressaidoakida.com\/de\/about\/","og_locale":"de_DE","og_type":"article","og_title":"ABOUT - Mistress Aido Akida","og_url":"https:\/\/mistressaidoakida.com\/de\/about\/","og_site_name":"Mistress Aido Akida","article_modified_time":"2025-09-29T21:02:24+00:00","twitter_card":"summary_large_image","twitter_misc":{"Gesch\u00e4tzte Lesezeit":"7\u00a0Minuten"},"schema":{"@context":"https:\/\/schema.org","@graph":[{"@type":"WebPage","@id":"https:\/\/mistressaidoakida.com\/about\/","url":"https:\/\/mistressaidoakida.com\/about\/","name":"ABOUT - Mistress Aido Akida","isPartOf":{"@id":"http:\/\/mistressaidoakida.com\/en\/#website"},"datePublished":"2024-12-05T14:28:46+00:00","dateModified":"2025-09-29T21:02:24+00:00","breadcrumb":{"@id":"https:\/\/mistressaidoakida.com\/about\/#breadcrumb"},"inLanguage":"de","potentialAction":[{"@type":"ReadAction","target":["https:\/\/mistressaidoakida.com\/about\/"]}]},{"@type":"BreadcrumbList","@id":"https:\/\/mistressaidoakida.com\/about\/#breadcrumb","itemListElement":[{"@type":"ListItem","position":1,"name":"Home","item":"https:\/\/mistressaidoakida.com\/"},{"@type":"ListItem","position":2,"name":"ABOUT"}]},{"@type":"WebSite","@id":"http:\/\/mistressaidoakida.com\/en\/#website","url":"http:\/\/mistressaidoakida.com\/en\/","name":"Mistress Aid\u014d Akida","description":"","publisher":{"@id":"http:\/\/mistressaidoakida.com\/en\/#\/schema\/person\/c02d9faa14ebaffaee87494303b7f8be"},"potentialAction":[{"@type":"SearchAction","target":{"@type":"EntryPoint","urlTemplate":"http:\/\/mistressaidoakida.com\/en\/?s={search_term_string}"},"query-input":{"@type":"PropertyValueSpecification","valueRequired":true,"valueName":"search_term_string"}}],"inLanguage":"de"},{"@type":["Person","Organization"],"@id":"http:\/\/mistressaidoakida.com\/en\/#\/schema\/person\/c02d9faa14ebaffaee87494303b7f8be","name":"Aido Akida","image":{"@type":"ImageObject","inLanguage":"de","@id":"http:\/\/mistressaidoakida.com\/en\/#\/schema\/person\/image\/","url":"https:\/\/mistressaidoakida.com\/wp-content\/uploads\/2025\/01\/AidoAkidaIMAGE2.png","contentUrl":"https:\/\/mistressaidoakida.com\/wp-content\/uploads\/2025\/01\/AidoAkidaIMAGE2.png","width":479,"height":111,"caption":"Aido Akida"},"logo":{"@id":"http:\/\/mistressaidoakida.com\/en\/#\/schema\/person\/image\/"}}]}},"_links":{"self":[{"href":"https:\/\/mistressaidoakida.com\/de\/wp-json\/wp\/v2\/pages\/42","targetHints":{"allow":["GET"]}}],"collection":[{"href":"https:\/\/mistressaidoakida.com\/de\/wp-json\/wp\/v2\/pages"}],"about":[{"href":"https:\/\/mistressaidoakida.com\/de\/wp-json\/wp\/v2\/types\/page"}],"author":[{"embeddable":true,"href":"https:\/\/mistressaidoakida.com\/de\/wp-json\/wp\/v2\/users\/3"}],"replies":[{"embeddable":true,"href":"https:\/\/mistressaidoakida.com\/de\/wp-json\/wp\/v2\/comments?post=42"}],"version-history":[{"count":48,"href":"https:\/\/mistressaidoakida.com\/de\/wp-json\/wp\/v2\/pages\/42\/revisions"}],"predecessor-version":[{"id":523,"href":"https:\/\/mistressaidoakida.com\/de\/wp-json\/wp\/v2\/pages\/42\/revisions\/523"}],"wp:attachment":[{"href":"https:\/\/mistressaidoakida.com\/de\/wp-json\/wp\/v2\/media?parent=42"}],"curies":[{"name":"wp","href":"https:\/\/api.w.org\/{rel}","templated":true}]}}